{"id":101,"date":"2025-02-12T15:49:32","date_gmt":"2025-02-12T15:49:32","guid":{"rendered":"https:\/\/dreamtechburkina.com\/FSGI\/?page_id=101"},"modified":"2025-03-28T12:28:44","modified_gmt":"2025-03-28T12:28:44","slug":"reduction-des-inegalites","status":"publish","type":"page","link":"https:\/\/fsgifoundation.org\/index.php\/reduction-des-inegalites\/","title":{"rendered":"R\u00e9duction des In\u00e9galit\u00e9s"},"content":{"rendered":"\t\t<div data-elementor-type=\"wp-page\" data-elementor-id=\"101\" class=\"elementor elementor-101\">\n\t\t\t\t\t\t<section class=\"elementor-section elementor-top-section elementor-element elementor-element-5bc41a25 elementor-section-height-min-height elementor-section-boxed elementor-section-height-default elementor-section-items-middle\" data-id=\"5bc41a25\" data-element_type=\"section\" data-settings=\"{&quot;background_background&quot;:&quot;classic&quot;}\">\n\t\t\t\t\t\t\t<div class=\"elementor-background-overlay\"><\/div>\n\t\t\t\t\t\t\t<div class=\"elementor-container elementor-column-gap-default\">\n\t\t\t\t\t<div class=\"elementor-column elementor-col-100 elementor-top-column elementor-element elementor-element-2ba2d782\" data-id=\"2ba2d782\" data-element_type=\"column\">\n\t\t\t<div class=\"elementor-widget-wrap elementor-element-populated\">\n\t\t\t\t\t\t<div class=\"elementor-element elementor-element-3b2eb49a elementor-invisible elementor-widget elementor-widget-heading\" data-id=\"3b2eb49a\" data-element_type=\"widget\" data-settings=\"{&quot;_animation&quot;:&quot;fadeInUp&quot;}\" data-widget_type=\"heading.default\">\n\t\t\t\t<div class=\"elementor-widget-container\">\n\t\t\t\t\t<h1 class=\"elementor-heading-title elementor-size-default\">R\u00e9duction des In\u00e9galit\u00e9s<\/h1>\t\t\t\t<\/div>\n\t\t\t\t<\/div>\n\t\t\t\t\t<\/div>\n\t\t<\/div>\n\t\t\t\t\t<\/div>\n\t\t<\/section>\n\t\t\t\t<section class=\"elementor-section elementor-top-section elementor-element elementor-element-7b54c813 elementor-section-boxed elementor-section-height-default elementor-section-height-default\" data-id=\"7b54c813\" data-element_type=\"section\">\n\t\t\t\t\t\t<div class=\"elementor-container elementor-column-gap-default\">\n\t\t\t\t\t<div class=\"elementor-column elementor-col-100 elementor-top-column elementor-element elementor-element-26463f28\" data-id=\"26463f28\" data-element_type=\"column\">\n\t\t\t<div class=\"elementor-widget-wrap elementor-element-populated\">\n\t\t\t\t\t\t<section class=\"elementor-section elementor-inner-section elementor-element elementor-element-7d92fa8b elementor-section-boxed elementor-section-height-default elementor-section-height-default\" data-id=\"7d92fa8b\" data-element_type=\"section\">\n\t\t\t\t\t\t<div class=\"elementor-container elementor-column-gap-default\">\n\t\t\t\t\t<div class=\"elementor-column elementor-col-100 elementor-inner-column elementor-element elementor-element-122e6dc\" data-id=\"122e6dc\" data-element_type=\"column\">\n\t\t\t<div class=\"elementor-widget-wrap elementor-element-populated\">\n\t\t\t\t<div class=\"elementor-element elementor-element-5418354 e-flex e-con-boxed e-con e-parent\" data-id=\"5418354\" data-element_type=\"container\" data-settings=\"{&quot;background_background&quot;:&quot;slideshow&quot;,&quot;background_slideshow_gallery&quot;:[{&quot;id&quot;:116,&quot;url&quot;:&quot;https:\\\/\\\/fsgifoundation.org\\\/wp-content\\\/uploads\\\/2025\\\/02\\\/2148789658.jpg&quot;},{&quot;id&quot;:117,&quot;url&quot;:&quot;https:\\\/\\\/fsgifoundation.org\\\/wp-content\\\/uploads\\\/2025\\\/02\\\/2148789722.jpg&quot;},{&quot;id&quot;:118,&quot;url&quot;:&quot;https:\\\/\\\/fsgifoundation.org\\\/wp-content\\\/uploads\\\/2025\\\/02\\\/15887.jpg&quot;}],&quot;background_slideshow_ken_burns&quot;:&quot;yes&quot;,&quot;background_slideshow_loop&quot;:&quot;yes&quot;,&quot;background_slideshow_slide_duration&quot;:5000,&quot;background_slideshow_slide_transition&quot;:&quot;fade&quot;,&quot;background_slideshow_transition_duration&quot;:500,&quot;background_slideshow_ken_burns_zoom_direction&quot;:&quot;in&quot;}\">\n\t\t\t\t\t<div class=\"e-con-inner\">\n\t\t\t\t<div class=\"elementor-element elementor-element-1305174e elementor-widget elementor-widget-spacer\" data-id=\"1305174e\" data-element_type=\"widget\" data-widget_type=\"spacer.default\">\n\t\t\t\t<div class=\"elementor-widget-container\">\n\t\t\t\t\t\t\t<div class=\"elementor-spacer\">\n\t\t\t<div class=\"elementor-spacer-inner\"><\/div>\n\t\t<\/div>\n\t\t\t\t\t\t<\/div>\n\t\t\t\t<\/div>\n\t\t\t\t\t<\/div>\n\t\t\t\t<\/div>\n\t\t\t\t<div class=\"elementor-element elementor-element-2e21784b elementor-widget elementor-widget-text-editor\" data-id=\"2e21784b\" data-element_type=\"widget\" data-widget_type=\"text-editor.default\">\n\t\t\t\t<div class=\"elementor-widget-container\">\n\t\t\t\t\t\t\t\t\t<p>L&rsquo;inclusion sociale et l&rsquo;\u00e9quit\u00e9 sont au coeur de nos actions. La Fabrice Simpore Global Initiatives (FSGI) travaille \u00e0 cr\u00e9er des opportunit\u00e9s \u00e9gales por tous surtout pour les personnes marginalis\u00e9es.<\/p><ul><li style=\"list-style-type: none;\"><ul style=\"list-style-type: disc;\"><li>\u25cf Renforcer l\u2019autonomie \u00e9conomique des femmes \u00e0 travers des programmes de formation et d\u2019accompagnement.<\/li><li>\u25cf Soutenir les personnes en situation de handicap afin de favoriser leur inclusion dans la soci\u00e9t\u00e9.<\/li><li>\u25cf Promouvoir l\u2019\u00e9galit\u00e9 des chances en garantissant un acc\u00e8s \u00e9quitable aux ressources et aux opportunit\u00e9s.<\/li><li>\u25cf Promouvoir une soci\u00e9t\u00e9 plus inclusive en sensibilisant aux droits des femmes, des enfants et des personnes handicap\u00e9es.<\/li><li>\u25cf Former et sensibiliser aux droits humains et \u00e0 la justice sociale pour un meilleur vivre-ensemble.<\/li><\/ul><\/li><\/ul>\t\t\t\t\t\t\t\t<\/div>\n\t\t\t\t<\/div>\n\t\t\t\t\t<\/div>\n\t\t<\/div>\n\t\t\t\t\t<\/div>\n\t\t<\/section>\n\t\t\t\t\t<\/div>\n\t\t<\/div>\n\t\t\t\t\t<\/div>\n\t\t<\/section>\n\t\t\t\t<\/div>\n\t\t","protected":false},"excerpt":{"rendered":"<p>L&rsquo;inclusion sociale et l&rsquo;\u00e9quit\u00e9 sont au coeur de nos actions. La Fabrice Simpore Global Initiatives (FSGI) travaille \u00e0 cr\u00e9er des opportunit\u00e9s \u00e9gales por tous surtout pour les personnes marginalis\u00e9es. \u25cf Renforcer l\u2019autonomie \u00e9conomique des femmes \u00e0 travers des programmes de formation et d\u2019accompagnement. \u25cf Soutenir les personnes en situation de handicap afin de favoriser leur [&hellip;]<\/p>\n","protected":false},"author":1,"featured_media":0,"parent":0,"menu_order":0,"comment_status":"closed","ping_status":"closed","template":"","meta":{"_joinchat":[],"footnotes":""},"class_list":["post-101","page","type-page","status-publish","hentry"],"_links":{"self":[{"href":"https:\/\/fsgifoundation.org\/index.php\/wp-json\/wp\/v2\/pages\/101","targetHints":{"allow":["GET"]}}],"collection":[{"href":"https:\/\/fsgifoundation.org\/index.php\/wp-json\/wp\/v2\/pages"}],"about":[{"href":"https:\/\/fsgifoundation.org\/index.php\/wp-json\/wp\/v2\/types\/page"}],"author":[{"embeddable":true,"href":"https:\/\/fsgifoundation.org\/index.php\/wp-json\/wp\/v2\/users\/1"}],"replies":[{"embeddable":true,"href":"https:\/\/fsgifoundation.org\/index.php\/wp-json\/wp\/v2\/comments?post=101"}],"version-history":[{"count":13,"href":"https:\/\/fsgifoundation.org\/index.php\/wp-json\/wp\/v2\/pages\/101\/revisions"}],"predecessor-version":[{"id":310,"href":"https:\/\/fsgifoundation.org\/index.php\/wp-json\/wp\/v2\/pages\/101\/revisions\/310"}],"wp:attachment":[{"href":"https:\/\/fsgifoundation.org\/index.php\/wp-json\/wp\/v2\/media?parent=101"}],"curies":[{"name":"wp","href":"https:\/\/api.w.org\/{rel}","templated":true}]}}