{"id":123,"date":"2025-02-12T16:06:16","date_gmt":"2025-02-12T16:06:16","guid":{"rendered":"https:\/\/dreamtechburkina.com\/FSGI\/?page_id=123"},"modified":"2025-03-25T10:17:27","modified_gmt":"2025-03-25T10:17:27","slug":"initiatives","status":"publish","type":"page","link":"https:\/\/fsgifoundation.org\/index.php\/initiatives\/","title":{"rendered":"Initiatives"},"content":{"rendered":"\t\t<div data-elementor-type=\"wp-page\" data-elementor-id=\"123\" class=\"elementor elementor-123\">\n\t\t\t\t\t\t<section class=\"elementor-section elementor-top-section elementor-element elementor-element-3f649ede elementor-section-height-min-height elementor-section-boxed elementor-section-height-default elementor-section-items-middle\" data-id=\"3f649ede\" data-element_type=\"section\" data-settings=\"{&quot;background_background&quot;:&quot;classic&quot;}\">\n\t\t\t\t\t\t\t<div class=\"elementor-background-overlay\"><\/div>\n\t\t\t\t\t\t\t<div class=\"elementor-container elementor-column-gap-default\">\n\t\t\t\t\t<div class=\"elementor-column elementor-col-100 elementor-top-column elementor-element elementor-element-6067a362\" data-id=\"6067a362\" data-element_type=\"column\">\n\t\t\t<div class=\"elementor-widget-wrap elementor-element-populated\">\n\t\t\t\t\t\t<div class=\"elementor-element elementor-element-95b1910 elementor-invisible elementor-widget elementor-widget-heading\" data-id=\"95b1910\" data-element_type=\"widget\" data-settings=\"{&quot;_animation&quot;:&quot;fadeInUp&quot;}\" data-widget_type=\"heading.default\">\n\t\t\t\t<div class=\"elementor-widget-container\">\n\t\t\t\t\t<h1 class=\"elementor-heading-title elementor-size-default\">Initiatives<\/h1>\t\t\t\t<\/div>\n\t\t\t\t<\/div>\n\t\t\t\t\t<\/div>\n\t\t<\/div>\n\t\t\t\t\t<\/div>\n\t\t<\/section>\n\t\t\t\t<section class=\"elementor-section elementor-top-section elementor-element elementor-element-12be05cc elementor-section-boxed elementor-section-height-default elementor-section-height-default\" data-id=\"12be05cc\" data-element_type=\"section\">\n\t\t\t\t\t\t<div class=\"elementor-container elementor-column-gap-default\">\n\t\t\t\t\t<div class=\"elementor-column elementor-col-100 elementor-top-column elementor-element elementor-element-415224e7\" data-id=\"415224e7\" data-element_type=\"column\">\n\t\t\t<div class=\"elementor-widget-wrap elementor-element-populated\">\n\t\t\t\t\t\t<div class=\"elementor-element elementor-element-60626a06 elementor-widget elementor-widget-text-editor\" data-id=\"60626a06\" data-element_type=\"widget\" data-widget_type=\"text-editor.default\">\n\t\t\t\t<div class=\"elementor-widget-container\">\n\t\t\t\t\t\t\t\t\t<p>La <strong data-start=\"30\" data-end=\"86\">FABRICE SIMPORE GLOBAL INITIATIVES (FSGI) FOUNDATION<\/strong> met en place des initiatives concr\u00e8tes pour transformer les vies et b\u00e2tir un avenir meilleur. Nos actions sont guid\u00e9es par l\u2019impact social, la durabilit\u00e9 et l\u2019innovation, afin d\u2019apporter des solutions adapt\u00e9es aux d\u00e9fis de nos communaut\u00e9s.<\/p>\t\t\t\t\t\t\t\t<\/div>\n\t\t\t\t<\/div>\n\t\t\t\t<div class=\"elementor-element elementor-element-7288784b elementor-align-center elementor-icon-list--layout-traditional elementor-list-item-link-full_width elementor-widget elementor-widget-icon-list\" data-id=\"7288784b\" data-element_type=\"widget\" data-widget_type=\"icon-list.default\">\n\t\t\t\t<div class=\"elementor-widget-container\">\n\t\t\t\t\t\t\t<ul class=\"elementor-icon-list-items\">\n\t\t\t\t\t\t\t<li class=\"elementor-icon-list-item\">\n\t\t\t\t\t\t\t\t\t\t\t<span class=\"elementor-icon-list-icon\">\n\t\t\t\t\t\t\t<svg aria-hidden=\"true\" class=\"e-font-icon-svg e-fas-child\" viewBox=\"0 0 384 512\" xmlns=\"http:\/\/www.w3.org\/2000\/svg\"><path d=\"M120 72c0-39.765 32.235-72 72-72s72 32.235 72 72c0 39.764-32.235 72-72 72s-72-32.236-72-72zm254.627 1.373c-12.496-12.497-32.758-12.497-45.254 0L242.745 160H141.254L54.627 73.373c-12.496-12.497-32.758-12.497-45.254 0-12.497 12.497-12.497 32.758 0 45.255L104 213.254V480c0 17.673 14.327 32 32 32h16c17.673 0 32-14.327 32-32V368h16v112c0 17.673 14.327 32 32 32h16c17.673 0 32-14.327 32-32V213.254l94.627-94.627c12.497-12.497 12.497-32.757 0-45.254z\"><\/path><\/svg>\t\t\t\t\t\t<\/span>\n\t\t\t\t\t\t\t\t\t\t<span class=\"elementor-icon-list-text\">Initiatives r\u00e9alis\u00e9es <\/span>\n\t\t\t\t\t\t\t\t\t<\/li>\n\t\t\t\t\t\t<\/ul>\n\t\t\t\t\t\t<\/div>\n\t\t\t\t<\/div>\n\t\t\t\t<section class=\"elementor-section elementor-inner-section elementor-element elementor-element-fdff081 elementor-section-boxed elementor-section-height-default elementor-section-height-default elementor-invisible\" data-id=\"fdff081\" data-element_type=\"section\" data-settings=\"{&quot;animation&quot;:&quot;fadeInUp&quot;}\">\n\t\t\t\t\t\t<div class=\"elementor-container elementor-column-gap-default\">\n\t\t\t\t\t<div class=\"elementor-column elementor-col-100 elementor-inner-column elementor-element elementor-element-1e40b283\" data-id=\"1e40b283\" data-element_type=\"column\" data-settings=\"{&quot;background_background&quot;:&quot;classic&quot;}\">\n\t\t\t<div class=\"elementor-widget-wrap elementor-element-populated\">\n\t\t\t\t\t\t<div class=\"elementor-element elementor-element-32bd8b92 elementor-widget elementor-widget-image\" data-id=\"32bd8b92\" data-element_type=\"widget\" data-widget_type=\"image.default\">\n\t\t\t\t<div class=\"elementor-widget-container\">\n\t\t\t\t\t\t\t\t\t\t\t\t\t\t\t<img fetchpriority=\"high\" decoding=\"async\" width=\"446\" height=\"244\" src=\"https:\/\/fsgifoundation.org\/wp-content\/uploads\/2025\/02\/image004.png\" class=\"attachment-full size-full wp-image-110\" alt=\"\" srcset=\"https:\/\/fsgifoundation.org\/wp-content\/uploads\/2025\/02\/image004.png 446w, https:\/\/fsgifoundation.org\/wp-content\/uploads\/2025\/02\/image004-300x164.png 300w\" sizes=\"(max-width: 446px) 100vw, 446px\" \/>\t\t\t\t\t\t\t\t\t\t\t\t\t\t\t<\/div>\n\t\t\t\t<\/div>\n\t\t\t\t<div class=\"elementor-element elementor-element-1e7305d6 elementor-widget elementor-widget-heading\" data-id=\"1e7305d6\" data-element_type=\"widget\" data-widget_type=\"heading.default\">\n\t\t\t\t<div class=\"elementor-widget-container\">\n\t\t\t\t\t<h3 class=\"elementor-heading-title elementor-size-default\">TROPH\u00c9E DES CHAMPIONS<\/h3>\t\t\t\t<\/div>\n\t\t\t\t<\/div>\n\t\t\t\t<div class=\"elementor-element elementor-element-f33b3f3 elementor-widget elementor-widget-text-editor\" data-id=\"f33b3f3\" data-element_type=\"widget\" data-widget_type=\"text-editor.default\">\n\t\t\t\t<div class=\"elementor-widget-container\">\n\t\t\t\t\t\t\t\t\t<p>Le troph\u00e9e des champions est une comp\u00e9tition de football.<\/p><p>Ses o\ud835\uddef\ud835\uddf7\ud835\uddf2\ud835\uddf0\ud835\ude01\ud835\uddf6\ud835\uddf3\ud835\ude00 sont:<br \/>-la \ud835\udc0f\ud835\udc2b\ud835\udc28\ud835\udc26\ud835\udc28\ud835\udc2d\ud835\udc22\ud835\udc28\ud835\udc27 \ud835\udc1d\ud835\udc2e \ud835\udc1f\ud835\udc28\ud835\udc28\ud835\udc2d\ud835\udc1b\ud835\udc1a\ud835\udc25\ud835\udc25 \ud835\udc25\ud835\udc28\ud835\udc1c\ud835\udc1a\ud835\udc25 : Valoriser les talents locaux et offrir une plateforme pour que nos jeunes brillent sur la sc\u00e8ne sportive.<br \/>-la culture de la \ud835\udc02\ud835\udc28\ud835\udc21\ud835\udc1e\u0301\ud835\udc2c\ud835\udc22\ud835\udc28\ud835\udc27 \ud835\udc2c\ud835\udc28\ud835\udc1c\ud835\udc22\ud835\udc1a\ud835\udc25\ud835\udc1e \ud835\udc1e\ud835\udc2d du \ud835\udc2f\ud835\udc22\ud835\udc2f\ud835\udc2b\ud835\udc1e \ud835\udc1e\ud835\udc27\ud835\udc2c\ud835\udc1e\ud835\udc26\ud835\udc1b\ud835\udc25\ud835\udc1e : Utiliser le sport comme un vecteur de paix et d&rsquo;unit\u00e9,<br \/>-l&rsquo;\ud835\udc04\ud835\udc27\ud835\udc20\ud835\udc1a\ud835\udc20\ud835\udc1e\ud835\udc26\ud835\udc1e\ud835\udc27\ud835\udc2d \ud835\udc1d\ud835\udc1e \ud835\udc25\ud835\udc1a \ud835\udc23\ud835\udc1e\ud835\udc2e\ud835\udc27\ud835\udc1e\ud835\udc2c\ud835\udc2c\ud835\udc1e : Encourager la participation active des jeunes dans la vie communautaire et promouvoir des valeurs telles que le respect, l&rsquo;esprit d&rsquo;\u00e9quipe, et le fair-play.<br \/>-la \ud835\udc03\ud835\udc1e\u0301\ud835\udc2d\ud835\udc1e\ud835\udc1c\ud835\udc2d\ud835\udc22\ud835\udc28\ud835\udc27 \ud835\udc1d\ud835\udc1e\ud835\udc2c \ud835\udc2d\ud835\udc1a\ud835\udc25\ud835\udc1e\ud835\udc27\ud835\udc2d\ud835\udc2c : Rep\u00e9rer et accompagner les jeunes footballeurs prometteurs pour qu&rsquo;ils puissent atteindre leur plein potentiel.<br \/>-la participation \u00e0 l&rsquo;\u00e9conomie des collectivit\u00e9s: travailler avec les acteurs locaux afin de propulser l&rsquo;\u00e9conomie locale et contribuer au d\u00e9veloppement des collectivit\u00e9s<\/p><p>La premi\u00e8re \u00e9dition s&rsquo;est tenue \u00e0 \ud835\udded\ud835\uddf6\ud835\uddfb\ud835\uddf6\ud835\uddee\ud835\uddff\ud835\uddf2\u0301 et a connu la participation de \ud835\udfed\ud835\udff2 \ud835\uddf2\u0301\ud835\uddfe\ud835\ude02\ud835\uddf6\ud835\uddfd\ud835\uddf2\ud835\ude00 \ud835\uddf1\ud835\uddf2 \ud835\uddf9\ud835\uddee \ud835\uddfd\ud835\uddff\ud835\uddfc\ud835\ude03\ud835\uddf6\ud835\uddfb\ud835\uddf0\ud835\uddf2 \ud835\uddf1&rsquo;\ud835\udde2\ud835\ude02\ud835\uddef\ud835\uddff\ud835\uddf6\ud835\ude01\ud835\uddf2\ud835\uddfb\ud835\uddf4\ud835\uddee.<\/p><p>Bien plus qu&rsquo;une simple comp\u00e9tition sportive, le troph\u00e9e des champions est un tremplin pour nos communaut\u00e9s.<\/p>\t\t\t\t\t\t\t\t<\/div>\n\t\t\t\t<\/div>\n\t\t\t\t\t<\/div>\n\t\t<\/div>\n\t\t\t\t\t<\/div>\n\t\t<\/section>\n\t\t\t\t\t<\/div>\n\t\t<\/div>\n\t\t\t\t\t<\/div>\n\t\t<\/section>\n\t\t\t\t<section class=\"elementor-section elementor-top-section elementor-element elementor-element-ad5d7f5 elementor-section-boxed elementor-section-height-default elementor-section-height-default\" data-id=\"ad5d7f5\" data-element_type=\"section\">\n\t\t\t\t\t\t<div class=\"elementor-container elementor-column-gap-default\">\n\t\t\t\t\t<div class=\"elementor-column elementor-col-100 elementor-top-column elementor-element elementor-element-d8c9d24\" data-id=\"d8c9d24\" data-element_type=\"column\">\n\t\t\t<div class=\"elementor-widget-wrap elementor-element-populated\">\n\t\t\t\t\t\t<div class=\"elementor-element elementor-element-0935acf elementor-align-center elementor-icon-list--layout-traditional elementor-list-item-link-full_width elementor-widget elementor-widget-icon-list\" data-id=\"0935acf\" data-element_type=\"widget\" data-widget_type=\"icon-list.default\">\n\t\t\t\t<div class=\"elementor-widget-container\">\n\t\t\t\t\t\t\t<ul class=\"elementor-icon-list-items\">\n\t\t\t\t\t\t\t<li class=\"elementor-icon-list-item\">\n\t\t\t\t\t\t\t\t\t\t\t<span class=\"elementor-icon-list-icon\">\n\t\t\t\t\t\t\t<svg aria-hidden=\"true\" class=\"e-font-icon-svg e-fas-child\" viewBox=\"0 0 384 512\" xmlns=\"http:\/\/www.w3.org\/2000\/svg\"><path d=\"M120 72c0-39.765 32.235-72 72-72s72 32.235 72 72c0 39.764-32.235 72-72 72s-72-32.236-72-72zm254.627 1.373c-12.496-12.497-32.758-12.497-45.254 0L242.745 160H141.254L54.627 73.373c-12.496-12.497-32.758-12.497-45.254 0-12.497 12.497-12.497 32.758 0 45.255L104 213.254V480c0 17.673 14.327 32 32 32h16c17.673 0 32-14.327 32-32V368h16v112c0 17.673 14.327 32 32 32h16c17.673 0 32-14.327 32-32V213.254l94.627-94.627c12.497-12.497 12.497-32.757 0-45.254z\"><\/path><\/svg>\t\t\t\t\t\t<\/span>\n\t\t\t\t\t\t\t\t\t\t<span class=\"elementor-icon-list-text\">Album<\/span>\n\t\t\t\t\t\t\t\t\t<\/li>\n\t\t\t\t\t\t<\/ul>\n\t\t\t\t\t\t<\/div>\n\t\t\t\t<\/div>\n\t\t\t\t<section class=\"elementor-section elementor-inner-section elementor-element elementor-element-a2cd87f elementor-section-boxed elementor-section-height-default elementor-section-height-default elementor-invisible\" data-id=\"a2cd87f\" data-element_type=\"section\" data-settings=\"{&quot;animation&quot;:&quot;fadeInUp&quot;}\">\n\t\t\t\t\t\t<div class=\"elementor-container elementor-column-gap-default\">\n\t\t\t\t\t<div class=\"elementor-column elementor-col-100 elementor-inner-column elementor-element elementor-element-096b53f\" data-id=\"096b53f\" data-element_type=\"column\" data-settings=\"{&quot;background_background&quot;:&quot;classic&quot;}\">\n\t\t\t<div class=\"elementor-widget-wrap elementor-element-populated\">\n\t\t\t\t\t\t<div class=\"elementor-element elementor-element-bab097e elementor-widget elementor-widget-rkit_image_gallery\" data-id=\"bab097e\" data-element_type=\"widget\" data-widget_type=\"rkit_image_gallery.default\">\n\t\t\t\t<div class=\"elementor-widget-container\">\n\t\t\t\t\t  \r\n\r\n<div class=\"rkit-gallery-masonry-container\">\r\n    <div class=\"rkit-gallery-masonry\">\r\n        \r\n            <div class=\"brick\">\r\n        <div class=\"skeleton\"><\/div>\r\n            <img decoding=\"async\" src=\"https:\/\/fsgifoundation.org\/wp-content\/uploads\/2025\/03\/0F6A1857-2-scaled.jpg\" \r\n                class=\"gallery_image  elementor-animation-grow\" \r\n                alt=\"Gallery Image\" \r\n                loading=\"lazy\"><\/img>\r\n        <\/div>\r\n            <div class=\"brick\">\r\n        <div class=\"skeleton\"><\/div>\r\n            <img decoding=\"async\" src=\"https:\/\/fsgifoundation.org\/wp-content\/uploads\/2025\/03\/0F6A2069-2-scaled.jpg\" \r\n                class=\"gallery_image  elementor-animation-grow\" \r\n                alt=\"Gallery Image\" \r\n                loading=\"lazy\"><\/img>\r\n        <\/div>\r\n            <div class=\"brick\">\r\n        <div class=\"skeleton\"><\/div>\r\n            <img decoding=\"async\" src=\"https:\/\/fsgifoundation.org\/wp-content\/uploads\/2025\/03\/0F6A1857-3-scaled.jpg\" \r\n                class=\"gallery_image  elementor-animation-grow\" \r\n                alt=\"Gallery Image\" \r\n                loading=\"lazy\"><\/img>\r\n        <\/div>\r\n            <div class=\"brick\">\r\n        <div class=\"skeleton\"><\/div>\r\n            <img decoding=\"async\" src=\"https:\/\/fsgifoundation.org\/wp-content\/uploads\/2025\/03\/0F6A2067-2-scaled.jpg\" \r\n                class=\"gallery_image  elementor-animation-grow\" \r\n                alt=\"Gallery Image\" \r\n                loading=\"lazy\"><\/img>\r\n        <\/div>\r\n            <div class=\"brick\">\r\n        <div class=\"skeleton\"><\/div>\r\n            <img decoding=\"async\" src=\"https:\/\/fsgifoundation.org\/wp-content\/uploads\/2025\/03\/0F6A1510-2-scaled.jpg\" \r\n                class=\"gallery_image  elementor-animation-grow\" \r\n                alt=\"Gallery Image\" \r\n                loading=\"lazy\"><\/img>\r\n        <\/div>\r\n        \r\n    <\/div>\r\n<\/div>\r\n\r\n    \t\t\t\t<\/div>\n\t\t\t\t<\/div>\n\t\t\t\t\t<\/div>\n\t\t<\/div>\n\t\t\t\t\t<\/div>\n\t\t<\/section>\n\t\t\t\t\t<\/div>\n\t\t<\/div>\n\t\t\t\t\t<\/div>\n\t\t<\/section>\n\t\t\t\t<\/div>\n\t\t","protected":false},"excerpt":{"rendered":"<p>La FABRICE SIMPORE GLOBAL INITIATIVES (FSGI) FOUNDATION met en place des initiatives concr\u00e8tes pour transformer les vies et b\u00e2tir un avenir meilleur. Nos actions sont guid\u00e9es par l\u2019impact social, la durabilit\u00e9 et l\u2019innovation, afin d\u2019apporter des solutions adapt\u00e9es aux d\u00e9fis de nos communaut\u00e9s. Initiatives r\u00e9alis\u00e9es TROPH\u00c9E DES CHAMPIONS Le troph\u00e9e des champions est une comp\u00e9tition [&hellip;]<\/p>\n","protected":false},"author":1,"featured_media":0,"parent":0,"menu_order":0,"comment_status":"closed","ping_status":"closed","template":"","meta":{"_joinchat":[],"footnotes":""},"class_list":["post-123","page","type-page","status-publish","hentry"],"_links":{"self":[{"href":"https:\/\/fsgifoundation.org\/index.php\/wp-json\/wp\/v2\/pages\/123","targetHints":{"allow":["GET"]}}],"collection":[{"href":"https:\/\/fsgifoundation.org\/index.php\/wp-json\/wp\/v2\/pages"}],"about":[{"href":"https:\/\/fsgifoundation.org\/index.php\/wp-json\/wp\/v2\/types\/page"}],"author":[{"embeddable":true,"href":"https:\/\/fsgifoundation.org\/index.php\/wp-json\/wp\/v2\/users\/1"}],"replies":[{"embeddable":true,"href":"https:\/\/fsgifoundation.org\/index.php\/wp-json\/wp\/v2\/comments?post=123"}],"version-history":[{"count":10,"href":"https:\/\/fsgifoundation.org\/index.php\/wp-json\/wp\/v2\/pages\/123\/revisions"}],"predecessor-version":[{"id":234,"href":"https:\/\/fsgifoundation.org\/index.php\/wp-json\/wp\/v2\/pages\/123\/revisions\/234"}],"wp:attachment":[{"href":"https:\/\/fsgifoundation.org\/index.php\/wp-json\/wp\/v2\/media?parent=123"}],"curies":[{"name":"wp","href":"https:\/\/api.w.org\/{rel}","templated":true}]}}