{"id":241,"date":"2025-03-25T10:35:50","date_gmt":"2025-03-25T10:35:50","guid":{"rendered":"https:\/\/dreamtechburkina.com\/FSGI\/?page_id=241"},"modified":"2025-03-28T09:03:48","modified_gmt":"2025-03-28T09:03:48","slug":"education-de-qualite","status":"publish","type":"page","link":"https:\/\/fsgifoundation.org\/index.php\/education-de-qualite\/","title":{"rendered":"Education de qualit\u00e9"},"content":{"rendered":"\t\t<div data-elementor-type=\"wp-page\" data-elementor-id=\"241\" class=\"elementor elementor-241\">\n\t\t\t\t\t\t<section class=\"elementor-section elementor-top-section elementor-element elementor-element-7abd457a elementor-section-height-min-height elementor-section-boxed elementor-section-height-default elementor-section-items-middle\" data-id=\"7abd457a\" data-element_type=\"section\" data-settings=\"{&quot;background_background&quot;:&quot;classic&quot;}\">\n\t\t\t\t\t\t\t<div class=\"elementor-background-overlay\"><\/div>\n\t\t\t\t\t\t\t<div class=\"elementor-container elementor-column-gap-default\">\n\t\t\t\t\t<div class=\"elementor-column elementor-col-100 elementor-top-column elementor-element elementor-element-5be198ef\" data-id=\"5be198ef\" data-element_type=\"column\">\n\t\t\t<div class=\"elementor-widget-wrap elementor-element-populated\">\n\t\t\t\t\t\t<div class=\"elementor-element elementor-element-3ec257fc elementor-invisible elementor-widget elementor-widget-heading\" data-id=\"3ec257fc\" data-element_type=\"widget\" data-settings=\"{&quot;_animation&quot;:&quot;fadeInUp&quot;}\" data-widget_type=\"heading.default\">\n\t\t\t\t<div class=\"elementor-widget-container\">\n\t\t\t\t\t<h1 class=\"elementor-heading-title elementor-size-default\">Education de qualit\u00e9<\/h1>\t\t\t\t<\/div>\n\t\t\t\t<\/div>\n\t\t\t\t\t<\/div>\n\t\t<\/div>\n\t\t\t\t\t<\/div>\n\t\t<\/section>\n\t\t\t\t<section class=\"elementor-section elementor-top-section elementor-element elementor-element-4d630d1a elementor-section-boxed elementor-section-height-default elementor-section-height-default\" data-id=\"4d630d1a\" data-element_type=\"section\">\n\t\t\t\t\t\t<div class=\"elementor-container elementor-column-gap-default\">\n\t\t\t\t\t<div class=\"elementor-column elementor-col-100 elementor-top-column elementor-element elementor-element-14c5406c\" data-id=\"14c5406c\" data-element_type=\"column\">\n\t\t\t<div class=\"elementor-widget-wrap elementor-element-populated\">\n\t\t\t\t\t\t<section class=\"elementor-section elementor-inner-section elementor-element elementor-element-2f9db46f elementor-section-boxed elementor-section-height-default elementor-section-height-default\" data-id=\"2f9db46f\" data-element_type=\"section\">\n\t\t\t\t\t\t<div class=\"elementor-container elementor-column-gap-default\">\n\t\t\t\t\t<div class=\"elementor-column elementor-col-100 elementor-inner-column elementor-element elementor-element-6fe5bb3b\" data-id=\"6fe5bb3b\" data-element_type=\"column\">\n\t\t\t<div class=\"elementor-widget-wrap elementor-element-populated\">\n\t\t\t\t<div class=\"elementor-element elementor-element-45201592 e-flex e-con-boxed e-con e-parent\" data-id=\"45201592\" data-element_type=\"container\" data-settings=\"{&quot;background_background&quot;:&quot;slideshow&quot;,&quot;background_slideshow_gallery&quot;:[{&quot;id&quot;:23,&quot;url&quot;:&quot;https:\\\/\\\/fsgifoundation.org\\\/wp-content\\\/uploads\\\/2025\\\/02\\\/99.jpg&quot;},{&quot;id&quot;:245,&quot;url&quot;:&quot;https:\\\/\\\/fsgifoundation.org\\\/wp-content\\\/uploads\\\/2025\\\/03\\\/2148892518.jpg&quot;},{&quot;id&quot;:246,&quot;url&quot;:&quot;https:\\\/\\\/fsgifoundation.org\\\/wp-content\\\/uploads\\\/2025\\\/03\\\/2148892528.jpg&quot;}],&quot;background_slideshow_ken_burns&quot;:&quot;yes&quot;,&quot;background_slideshow_loop&quot;:&quot;yes&quot;,&quot;background_slideshow_slide_duration&quot;:5000,&quot;background_slideshow_slide_transition&quot;:&quot;fade&quot;,&quot;background_slideshow_transition_duration&quot;:500,&quot;background_slideshow_ken_burns_zoom_direction&quot;:&quot;in&quot;}\">\n\t\t\t\t\t<div class=\"e-con-inner\">\n\t\t\t\t<div class=\"elementor-element elementor-element-418f42d7 elementor-widget elementor-widget-spacer\" data-id=\"418f42d7\" data-element_type=\"widget\" data-widget_type=\"spacer.default\">\n\t\t\t\t<div class=\"elementor-widget-container\">\n\t\t\t\t\t\t\t<div class=\"elementor-spacer\">\n\t\t\t<div class=\"elementor-spacer-inner\"><\/div>\n\t\t<\/div>\n\t\t\t\t\t\t<\/div>\n\t\t\t\t<\/div>\n\t\t\t\t\t<\/div>\n\t\t\t\t<\/div>\n\t\t\t\t<div class=\"elementor-element elementor-element-54262651 elementor-widget elementor-widget-text-editor\" data-id=\"54262651\" data-element_type=\"widget\" data-widget_type=\"text-editor.default\">\n\t\t\t\t<div class=\"elementor-widget-container\">\n\t\t\t\t\t\t\t\t\t<p>L&rsquo;\u00e9ducation permet \u00e0 des personnes, peu importe l\u2019endroit o\u00f9 elles se trouvent dans le monde, de mener une vie plus saine et plus durable. C&rsquo;est dans ce sens que nous menons les actions suivantes:<\/p><p>\u25cf \u00c9duquer les parents et les communaut\u00e9s sur l\u2019importance de la scolarisation, en mettant un accent particulier sur l\u2019\u00e9ducation des filles;<br \/>\u25cf Fournir des kits scolaires (livres, cahiers, uniformes, etc.) aux enfants issus de familles d\u00e9favoris\u00e9es pour all\u00e9ger le co\u00fbt de la scolarit\u00e9; <br \/>\u25cf Mettre en \u0153uvre des programmes de scolarisation destin\u00e9s aux Personnes D\u00e9plac\u00e9es Internes (PDI) pour assurer leur int\u00e9gration dans le syst\u00e8me \u00e9ducatif;<br \/>\u25cf Promouvoir des initiatives d\u2019\u00e9ducation \u00e0 la paix et \u00e0 la coh\u00e9sion sociale pour renforcer le vivre-ensemble et la tol\u00e9rance.<\/p>\t\t\t\t\t\t\t\t<\/div>\n\t\t\t\t<\/div>\n\t\t\t\t\t<\/div>\n\t\t<\/div>\n\t\t\t\t\t<\/div>\n\t\t<\/section>\n\t\t\t\t\t<\/div>\n\t\t<\/div>\n\t\t\t\t\t<\/div>\n\t\t<\/section>\n\t\t\t\t<\/div>\n\t\t","protected":false},"excerpt":{"rendered":"<p>L&rsquo;\u00e9ducation permet \u00e0 des personnes, peu importe l\u2019endroit o\u00f9 elles se trouvent dans le monde, de mener une vie plus saine et plus durable. C&rsquo;est dans ce sens que nous menons les actions suivantes: \u25cf \u00c9duquer les parents et les communaut\u00e9s sur l\u2019importance de la scolarisation, en mettant un accent particulier sur l\u2019\u00e9ducation des filles;\u25cf [&hellip;]<\/p>\n","protected":false},"author":1,"featured_media":0,"parent":0,"menu_order":0,"comment_status":"closed","ping_status":"closed","template":"","meta":{"_joinchat":[],"footnotes":""},"class_list":["post-241","page","type-page","status-publish","hentry"],"_links":{"self":[{"href":"https:\/\/fsgifoundation.org\/index.php\/wp-json\/wp\/v2\/pages\/241","targetHints":{"allow":["GET"]}}],"collection":[{"href":"https:\/\/fsgifoundation.org\/index.php\/wp-json\/wp\/v2\/pages"}],"about":[{"href":"https:\/\/fsgifoundation.org\/index.php\/wp-json\/wp\/v2\/types\/page"}],"author":[{"embeddable":true,"href":"https:\/\/fsgifoundation.org\/index.php\/wp-json\/wp\/v2\/users\/1"}],"replies":[{"embeddable":true,"href":"https:\/\/fsgifoundation.org\/index.php\/wp-json\/wp\/v2\/comments?post=241"}],"version-history":[{"count":13,"href":"https:\/\/fsgifoundation.org\/index.php\/wp-json\/wp\/v2\/pages\/241\/revisions"}],"predecessor-version":[{"id":290,"href":"https:\/\/fsgifoundation.org\/index.php\/wp-json\/wp\/v2\/pages\/241\/revisions\/290"}],"wp:attachment":[{"href":"https:\/\/fsgifoundation.org\/index.php\/wp-json\/wp\/v2\/media?parent=241"}],"curies":[{"name":"wp","href":"https:\/\/api.w.org\/{rel}","templated":true}]}}