{"id":3,"date":"2025-02-12T11:53:50","date_gmt":"2025-02-12T11:53:50","guid":{"rendered":"https:\/\/dreamtechburkina.com\/FSGI\/?page_id=3"},"modified":"2025-04-08T12:40:04","modified_gmt":"2025-04-08T12:40:04","slug":"privacy-policy","status":"publish","type":"page","link":"https:\/\/fsgifoundation.org\/index.php\/privacy-policy\/","title":{"rendered":"Politique de Confidentialit\u00e9"},"content":{"rendered":"\n<p id=\"block-5de086de-4b24-463c-a94d-d7da1e10a565\">Chez <strong>FSGI<\/strong>, nous accordons une grande importance \u00e0 la confidentialit\u00e9 des informations personnelles de nos utilisateurs. Cette politique a pour objectif de vous informer de mani\u00e8re claire et transparente sur la fa\u00e7on dont nous collectons, utilisons, partageons et prot\u00e9geons vos donn\u00e9es personnelles dans le cadre de l\u2019utilisation de notre site internet et de nos services associ\u00e9s.<\/p>\n\n\n\n<hr class=\"wp-block-separator has-alpha-channel-opacity\" id=\"block-b34a85c8-c166-4187-bd19-16c5dafc4b77\"\/>\n\n\n\n<h2 class=\"wp-block-heading\" id=\"block-ccd5fc93-0856-4bfb-8462-a8ffe128372b\"><strong>1. Collecte des donn\u00e9es personnelles<\/strong><\/h2>\n\n\n\n<p id=\"block-8a2b75ff-49b8-424b-bad0-1c5208d7e6a9\">Nous collectons des donn\u00e9es personnelles lorsque vous :<\/p>\n\n\n\n<ul id=\"block-3daa0411-4427-4ef4-9b76-985168ef78e0\" class=\"wp-block-list\">\n<li>Remplissez un formulaire de contact<\/li>\n\n\n\n<li>Naviguez sur notre site<\/li>\n\n\n\n<li>Interagissez avec nos contenus ou nos \u00e9quipes<\/li>\n<\/ul>\n\n\n\n<p id=\"block-5da54cf5-82f6-45f7-ac06-0fe38e3395ec\">Les donn\u00e9es collect\u00e9es peuvent inclure :<\/p>\n\n\n\n<ul id=\"block-99b70044-958c-4f61-acb7-1fb96a16dd79\" class=\"wp-block-list\">\n<li>Identit\u00e9 (nom, pr\u00e9nom)<\/li>\n\n\n\n<li>Coordonn\u00e9es (adresse e-mail, num\u00e9ro de t\u00e9l\u00e9phone)<\/li>\n\n\n\n<li>Donn\u00e9es de navigation (cookies, adresse IP, type de navigateur)<\/li>\n<\/ul>\n\n\n\n<hr class=\"wp-block-separator has-alpha-channel-opacity\" id=\"block-1b84441e-cf95-44e5-ad2f-3936e2f465b4\"\/>\n\n\n\n<h2 class=\"wp-block-heading\" id=\"block-88d34979-5696-4085-8493-2b4001c4d940\"><strong>2. Finalit\u00e9s de la collecte<\/strong><\/h2>\n\n\n\n<p id=\"block-cb958fd9-9e46-498f-a2d6-425f8463bb2e\">Les donn\u00e9es recueillies sont utilis\u00e9es pour :<\/p>\n\n\n\n<ul id=\"block-81f734a2-6869-4324-b6b9-8242a2e836a3\" class=\"wp-block-list\">\n<li>R\u00e9pondre \u00e0 vos demandes<\/li>\n\n\n\n<li>Fournir les services ou informations sollicit\u00e9s<\/li>\n\n\n\n<li>Am\u00e9liorer l\u2019exp\u00e9rience utilisateur<\/li>\n\n\n\n<li>Assurer la s\u00e9curit\u00e9 et la performance du site<\/li>\n\n\n\n<li>Communiquer nos actualit\u00e9s, services et offres, avec votre consentement<\/li>\n<\/ul>\n\n\n\n<hr class=\"wp-block-separator has-alpha-channel-opacity\" id=\"block-01868465-50ab-415b-9f8c-0a7e3b535c2e\"\/>\n\n\n\n<h2 class=\"wp-block-heading\" id=\"block-51a120b5-6597-4859-91ab-152246324b52\"><strong>3. Partage des donn\u00e9es<\/strong><\/h2>\n\n\n\n<p id=\"block-1038d45a-c0f8-4978-9f7f-87c3f9f5c82f\">Vos donn\u00e9es ne sont ni vendues, ni lou\u00e9es \u00e0 des tiers.<br>Elles peuvent toutefois \u00eatre partag\u00e9es avec :<\/p>\n\n\n\n<ul id=\"block-e56fd66d-a799-4fae-8f5f-c1dd82de6444\" class=\"wp-block-list\">\n<li>Nos prestataires techniques (h\u00e9bergement, maintenance, services analytiques)<\/li>\n\n\n\n<li>Les autorit\u00e9s comp\u00e9tentes en cas d\u2019obligation l\u00e9gale<\/li>\n<\/ul>\n\n\n\n<hr class=\"wp-block-separator has-alpha-channel-opacity\" id=\"block-f260d731-e8c2-4a44-8b5b-7d32268a1f37\"\/>\n\n\n\n<h2 class=\"wp-block-heading\" id=\"block-c3c4d7ba-dca1-4de6-bc14-ac3d6be35661\"><strong>4. S\u00e9curit\u00e9 et conservation des donn\u00e9es<\/strong><\/h2>\n\n\n\n<p id=\"block-118fdaae-592f-463a-906e-00b72796c1f4\">Nous mettons en \u0153uvre des mesures de s\u00e9curit\u00e9 adapt\u00e9es pour prot\u00e9ger vos donn\u00e9es contre tout acc\u00e8s non autoris\u00e9, perte ou divulgation.<br>Les donn\u00e9es sont conserv\u00e9es uniquement pendant la dur\u00e9e n\u00e9cessaire aux finalit\u00e9s poursuivies, conform\u00e9ment \u00e0 la l\u00e9gislation en vigueur.<\/p>\n\n\n\n<hr class=\"wp-block-separator has-alpha-channel-opacity\" id=\"block-912266f6-a4eb-454e-8a8c-a27cfd6545ef\"\/>\n\n\n\n<h2 class=\"wp-block-heading\" id=\"block-ba762179-7061-4760-b750-99db0bd625d8\"><strong>5. Vos droits<\/strong><\/h2>\n\n\n\n<p id=\"block-4b95a11e-825e-4717-9508-4b096114bb9e\">Conform\u00e9ment \u00e0 la r\u00e9glementation sur la protection des donn\u00e9es (notamment le RGPD), vous disposez de droits d\u2019acc\u00e8s, de rectification, d\u2019opposition, d\u2019effacement et de portabilit\u00e9 de vos donn\u00e9es.<br>Vous pouvez exercer ces droits \u00e0 tout moment en nous contactant \u00e0 :<br><strong>[adresse e-mail de contact]<\/strong><\/p>\n\n\n\n<hr class=\"wp-block-separator has-alpha-channel-opacity\" id=\"block-20fe77f0-a8e2-421f-8da1-c003933e5086\"\/>\n\n\n\n<h2 class=\"wp-block-heading\" id=\"block-1d9f7241-23b0-4c96-a777-cbbf33085fb9\"><strong>6. Cookies<\/strong><\/h2>\n\n\n\n<p id=\"block-9587c273-da1b-429a-8082-c4f093ded81b\">Le site peut utiliser des cookies \u00e0 des fins de fonctionnement, d\u2019analyse ou de personnalisation. Vous avez la possibilit\u00e9 de les accepter ou de les refuser lors de votre premi\u00e8re visite via le bandeau pr\u00e9vu \u00e0 cet effet.<\/p>\n\n\n\n<hr class=\"wp-block-separator has-alpha-channel-opacity\" id=\"block-391ed54c-a38c-40f3-bf4a-be4252e1fdcd\"\/>\n\n\n\n<h2 class=\"wp-block-heading\" id=\"block-3106e98a-5949-44c1-8311-b36ff163f8b6\"><strong>7. Utilisation des images<\/strong><\/h2>\n\n\n\n<p id=\"block-46b4fe90-109f-4789-b0fa-810dc79a6c6f\">Les images publi\u00e9es sur ce site sont utilis\u00e9es \u00e0 des fins illustratives et informatives.<br>Certaines images peuvent provenir de sources externes (biblioth\u00e8ques libres de droits, banques d\u2019images sous licence, partenaires, etc.).<br><strong>Nous ne revendiquons pas n\u00e9cessairement la propri\u00e9t\u00e9 de l\u2019ensemble des droits sur ces visuels.<\/strong><br>Si vous \u00eates le d\u00e9tenteur l\u00e9gitime d\u2019un contenu diffus\u00e9 sur notre site et que vous souhaitez faire valoir vos droits, veuillez nous contacter \u00e0 l\u2019adresse mentionn\u00e9e ci-dessus. Nous proc\u00e9derons rapidement \u00e0 l\u2019examen et, si n\u00e9cessaire, au retrait du contenu concern\u00e9.<\/p>\n\n\n\n<hr class=\"wp-block-separator has-alpha-channel-opacity\" id=\"block-438d82e3-7d38-468e-8da0-80cafeed4e22\"\/>\n\n\n\n<h2 class=\"wp-block-heading\" id=\"block-61ea95cd-1161-4864-bfbc-eed09b7a619b\"><strong>8. Modifications de la politique<\/strong><\/h2>\n\n\n\n<p id=\"block-99e02dbd-eab4-46e0-99b0-9f359f1f098d\">Cette politique de confidentialit\u00e9 est susceptible d\u2019\u00e9voluer. Toute mise \u00e0 jour sera publi\u00e9e sur cette page. Nous vous invitons \u00e0 la consulter r\u00e9guli\u00e8rement.<\/p>\n\n\n\n<p id=\"block-637c544c-ea90-4988-a346-84b457f2520d\"><strong>Derni\u00e8re mise \u00e0 jour : 08\/04\/25<\/strong><\/p>\n","protected":false},"excerpt":{"rendered":"<p>Chez FSGI, nous accordons une grande importance \u00e0 la confidentialit\u00e9 des informations personnelles de nos utilisateurs. Cette politique a pour objectif de vous informer de mani\u00e8re claire et transparente sur la fa\u00e7on dont nous collectons, utilisons, partageons et prot\u00e9geons vos donn\u00e9es personnelles dans le cadre de l\u2019utilisation de notre site internet et de nos services [&hellip;]<\/p>\n","protected":false},"author":1,"featured_media":0,"parent":0,"menu_order":0,"comment_status":"closed","ping_status":"open","template":"","meta":{"_joinchat":[],"footnotes":""},"class_list":["post-3","page","type-page","status-publish","hentry"],"_links":{"self":[{"href":"https:\/\/fsgifoundation.org\/index.php\/wp-json\/wp\/v2\/pages\/3","targetHints":{"allow":["GET"]}}],"collection":[{"href":"https:\/\/fsgifoundation.org\/index.php\/wp-json\/wp\/v2\/pages"}],"about":[{"href":"https:\/\/fsgifoundation.org\/index.php\/wp-json\/wp\/v2\/types\/page"}],"author":[{"embeddable":true,"href":"https:\/\/fsgifoundation.org\/index.php\/wp-json\/wp\/v2\/users\/1"}],"replies":[{"embeddable":true,"href":"https:\/\/fsgifoundation.org\/index.php\/wp-json\/wp\/v2\/comments?post=3"}],"version-history":[{"count":2,"href":"https:\/\/fsgifoundation.org\/index.php\/wp-json\/wp\/v2\/pages\/3\/revisions"}],"predecessor-version":[{"id":328,"href":"https:\/\/fsgifoundation.org\/index.php\/wp-json\/wp\/v2\/pages\/3\/revisions\/328"}],"wp:attachment":[{"href":"https:\/\/fsgifoundation.org\/index.php\/wp-json\/wp\/v2\/media?parent=3"}],"curies":[{"name":"wp","href":"https:\/\/api.w.org\/{rel}","templated":true}]}}