{"id":35,"date":"2025-02-12T13:28:19","date_gmt":"2025-02-12T13:28:19","guid":{"rendered":"https:\/\/dreamtechburkina.com\/FSGI\/?page_id=35"},"modified":"2025-03-28T12:25:26","modified_gmt":"2025-03-28T12:25:26","slug":"a-propos","status":"publish","type":"page","link":"https:\/\/fsgifoundation.org\/index.php\/a-propos\/","title":{"rendered":"\u00c0 propos"},"content":{"rendered":"\t\t<div data-elementor-type=\"wp-page\" data-elementor-id=\"35\" class=\"elementor elementor-35\">\n\t\t\t\t\t\t<section class=\"elementor-section elementor-top-section elementor-element elementor-element-7022d529 elementor-section-height-min-height elementor-section-boxed elementor-section-height-default elementor-section-items-middle\" data-id=\"7022d529\" data-element_type=\"section\" data-settings=\"{&quot;background_background&quot;:&quot;classic&quot;}\">\n\t\t\t\t\t\t\t<div class=\"elementor-background-overlay\"><\/div>\n\t\t\t\t\t\t\t<div class=\"elementor-container elementor-column-gap-default\">\n\t\t\t\t\t<div class=\"elementor-column elementor-col-100 elementor-top-column elementor-element elementor-element-5e531a0c\" data-id=\"5e531a0c\" data-element_type=\"column\">\n\t\t\t<div class=\"elementor-widget-wrap elementor-element-populated\">\n\t\t\t\t\t\t<div class=\"elementor-element elementor-element-59a7afb8 elementor-invisible elementor-widget elementor-widget-heading\" data-id=\"59a7afb8\" data-element_type=\"widget\" data-settings=\"{&quot;_animation&quot;:&quot;fadeInUp&quot;}\" data-widget_type=\"heading.default\">\n\t\t\t\t<div class=\"elementor-widget-container\">\n\t\t\t\t\t<h1 class=\"elementor-heading-title elementor-size-default\">\u00c0 propos de nous<\/h1>\t\t\t\t<\/div>\n\t\t\t\t<\/div>\n\t\t\t\t\t<\/div>\n\t\t<\/div>\n\t\t\t\t\t<\/div>\n\t\t<\/section>\n\t\t\t\t<section class=\"elementor-section elementor-top-section elementor-element elementor-element-6420167b elementor-reverse-tablet elementor-reverse-mobile elementor-section-boxed elementor-section-height-default elementor-section-height-default\" data-id=\"6420167b\" data-element_type=\"section\">\n\t\t\t\t\t\t<div class=\"elementor-container elementor-column-gap-default\">\n\t\t\t\t\t<div class=\"elementor-column elementor-col-50 elementor-top-column elementor-element elementor-element-6fae51b2\" data-id=\"6fae51b2\" data-element_type=\"column\">\n\t\t\t<div class=\"elementor-widget-wrap elementor-element-populated\">\n\t\t\t\t\t\t<div class=\"elementor-element elementor-element-255df6c3 elementor-invisible elementor-widget elementor-widget-image\" data-id=\"255df6c3\" data-element_type=\"widget\" data-settings=\"{&quot;_animation&quot;:&quot;fadeInLeft&quot;}\" data-widget_type=\"image.default\">\n\t\t\t\t<div class=\"elementor-widget-container\">\n\t\t\t\t\t\t\t\t\t\t\t\t\t\t\t<img fetchpriority=\"high\" decoding=\"async\" width=\"1000\" height=\"659\" src=\"https:\/\/fsgifoundation.org\/wp-content\/uploads\/2025\/02\/2148931093.jpg\" class=\"attachment-full size-full wp-image-24\" alt=\"\" srcset=\"https:\/\/fsgifoundation.org\/wp-content\/uploads\/2025\/02\/2148931093.jpg 1000w, https:\/\/fsgifoundation.org\/wp-content\/uploads\/2025\/02\/2148931093-300x198.jpg 300w, https:\/\/fsgifoundation.org\/wp-content\/uploads\/2025\/02\/2148931093-768x506.jpg 768w\" sizes=\"(max-width: 1000px) 100vw, 1000px\" \/>\t\t\t\t\t\t\t\t\t\t\t\t\t\t\t<\/div>\n\t\t\t\t<\/div>\n\t\t\t\t\t<\/div>\n\t\t<\/div>\n\t\t\t\t<div class=\"elementor-column elementor-col-50 elementor-top-column elementor-element elementor-element-376b799d\" data-id=\"376b799d\" data-element_type=\"column\">\n\t\t\t<div class=\"elementor-widget-wrap elementor-element-populated\">\n\t\t\t\t\t\t<div class=\"elementor-element elementor-element-40afb033 elementor-icon-list--layout-traditional elementor-list-item-link-full_width elementor-widget elementor-widget-icon-list\" data-id=\"40afb033\" data-element_type=\"widget\" data-widget_type=\"icon-list.default\">\n\t\t\t\t<div class=\"elementor-widget-container\">\n\t\t\t\t\t\t\t<ul class=\"elementor-icon-list-items\">\n\t\t\t\t\t\t\t<li class=\"elementor-icon-list-item\">\n\t\t\t\t\t\t\t\t\t\t\t<span class=\"elementor-icon-list-icon\">\n\t\t\t\t\t\t\t<svg aria-hidden=\"true\" class=\"e-font-icon-svg e-fas-child\" viewBox=\"0 0 384 512\" xmlns=\"http:\/\/www.w3.org\/2000\/svg\"><path d=\"M120 72c0-39.765 32.235-72 72-72s72 32.235 72 72c0 39.764-32.235 72-72 72s-72-32.236-72-72zm254.627 1.373c-12.496-12.497-32.758-12.497-45.254 0L242.745 160H141.254L54.627 73.373c-12.496-12.497-32.758-12.497-45.254 0-12.497 12.497-12.497 32.758 0 45.255L104 213.254V480c0 17.673 14.327 32 32 32h16c17.673 0 32-14.327 32-32V368h16v112c0 17.673 14.327 32 32 32h16c17.673 0 32-14.327 32-32V213.254l94.627-94.627c12.497-12.497 12.497-32.757 0-45.254z\"><\/path><\/svg>\t\t\t\t\t\t<\/span>\n\t\t\t\t\t\t\t\t\t\t<span class=\"elementor-icon-list-text\">Notre mission<\/span>\n\t\t\t\t\t\t\t\t\t<\/li>\n\t\t\t\t\t\t<\/ul>\n\t\t\t\t\t\t<\/div>\n\t\t\t\t<\/div>\n\t\t\t\t<div class=\"elementor-element elementor-element-5a096fb0 premium-header-inline elementor-widget elementor-widget-premium-addon-dual-header\" data-id=\"5a096fb0\" data-element_type=\"widget\" data-widget_type=\"premium-addon-dual-header.default\">\n\t\t\t\t<div class=\"elementor-widget-container\">\n\t\t\t\t\t\r\n\t\t\t\t\t<h2 class=\"premium-dual-header-first-header \"><span class=\"premium-dual-header-first-span\">Transformer des vies, inspirer le changement <\/span><\/h2> \t\t\r\n\t\t\t\t\t\t<\/div>\n\t\t\t\t<\/div>\n\t\t\t\t<div class=\"elementor-element elementor-element-6455cb4f elementor-widget elementor-widget-text-editor\" data-id=\"6455cb4f\" data-element_type=\"widget\" data-widget_type=\"text-editor.default\">\n\t\t\t\t<div class=\"elementor-widget-container\">\n\t\t\t\t\t\t\t\t\t<p data-start=\"151\" data-end=\"572\">Fabrice Simpore Global Initiatives (FSGI) est une fondation de droit burkinab\u00e8 mettant en \u0153uvre des initiatives, des projets et des programmes allant dans le sens du d\u00e9veloppement des collectivit\u00e9s, de la formation des jeunes et du bien \u00eatre des sph\u00e8res vuln\u00e9rables de la soci\u00e9t\u00e9 burkinab\u00e8.<\/p>\t\t\t\t\t\t\t\t<\/div>\n\t\t\t\t<\/div>\n\t\t\t\t\t<\/div>\n\t\t<\/div>\n\t\t\t\t\t<\/div>\n\t\t<\/section>\n\t\t\t\t<section class=\"elementor-section elementor-top-section elementor-element elementor-element-b5ebb8c elementor-reverse-tablet elementor-reverse-mobile elementor-section-boxed elementor-section-height-default elementor-section-height-default\" data-id=\"b5ebb8c\" data-element_type=\"section\">\n\t\t\t\t\t\t<div class=\"elementor-container elementor-column-gap-default\">\n\t\t\t\t\t<div class=\"elementor-column elementor-col-50 elementor-top-column elementor-element elementor-element-ea30c0d\" data-id=\"ea30c0d\" data-element_type=\"column\">\n\t\t\t<div class=\"elementor-widget-wrap elementor-element-populated\">\n\t\t\t\t\t\t<div class=\"elementor-element elementor-element-4db6ade premium-header-inline elementor-widget elementor-widget-premium-addon-dual-header\" data-id=\"4db6ade\" data-element_type=\"widget\" data-widget_type=\"premium-addon-dual-header.default\">\n\t\t\t\t<div class=\"elementor-widget-container\">\n\t\t\t\t\t\r\n\t\t\t\t\t<h2 class=\"premium-dual-header-first-header \"><span class=\"premium-dual-header-first-span\">Mot du Pr\u00e9sident de la Fondation FSGI <\/span><\/h2> \t\t\r\n\t\t\t\t\t\t<\/div>\n\t\t\t\t<\/div>\n\t\t\t\t<div class=\"elementor-element elementor-element-56dc309 elementor-widget elementor-widget-text-editor\" data-id=\"56dc309\" data-element_type=\"widget\" data-widget_type=\"text-editor.default\">\n\t\t\t\t<div class=\"elementor-widget-container\">\n\t\t\t\t\t\t\t\t\t<p>Chers visiteurs,<\/p><p>Bienvenue sur le site officiel de notre Fondation, un espace d\u00e9di\u00e9 \u00e0 l\u2019engagement, \u00e0 la solidarit\u00e9 et \u00e0 l\u2019action en faveur du d\u00e9veloppement durable au Burkina Faso.<\/p><p>Convaincus que le progr\u00e8s social et \u00e9conomique passe par des initiatives concr\u00e8tes et inclusives, nous \u0153uvrons chaque jour pour am\u00e9liorer les conditions de vie des populations. \u00c0 travers nos actions dans les domaines de la sant\u00e9, de l\u2019\u00e9ducation, de la r\u00e9duction des in\u00e9galit\u00e9s et du d\u00e9veloppement de villes et communaut\u00e9s durables, nous apportons des r\u00e9ponses adapt\u00e9es aux d\u00e9fis majeurs de notre pays.<\/p><p>Notre engagement est guid\u00e9 par une vision simple : b\u00e2tir un Burkina Faso o\u00f9 chaque individu, quel que soit son milieu, a la possibilit\u00e9 de s\u2019\u00e9panouir, d\u2019acc\u00e9der \u00e0 des soins de qualit\u00e9, \u00e0 une \u00e9ducation \u00e9quitable et \u00e0 des opportunit\u00e9s \u00e9conomiques dignes. Pour cela, nous travaillons en synergie avec les acteurs locaux, les partenaires nationaux et internationaux ainsi que les communaut\u00e9s elles-m\u00eames, car nous croyons que le d\u00e9veloppement durable est l\u2019affaire de tous.<\/p><p>Nous vous invitons \u00e0 d\u00e9couvrir nos initiatives, \u00e0 rejoindre notre cause et \u00e0 contribuer, \u00e0 votre mani\u00e8re, \u00e0 cette noble mission.<\/p>\t\t\t\t\t\t\t\t<\/div>\n\t\t\t\t<\/div>\n\t\t\t\t\t<\/div>\n\t\t<\/div>\n\t\t\t\t<div class=\"elementor-column elementor-col-50 elementor-top-column elementor-element elementor-element-e0ef6d6\" data-id=\"e0ef6d6\" data-element_type=\"column\">\n\t\t\t<div class=\"elementor-widget-wrap elementor-element-populated\">\n\t\t\t\t\t\t<div class=\"elementor-element elementor-element-e6eb7d5 elementor-widget elementor-widget-premium-addon-person\" data-id=\"e6eb7d5\" data-element_type=\"widget\" data-widget_type=\"premium-addon-person.default\">\n\t\t\t\t<div class=\"elementor-widget-container\">\n\t\t\t\t\t\t\t<div class=\"premium-persons-container premium-person-style2\">\n\t\t\t\t\t\t<div class=\"premium-person-container premium-person-zoomin-effect\">\n\t\t\t\t<div class=\"premium-person-image-container\">\n\t\t\t\t\t<img decoding=\"async\" width=\"1739\" height=\"2560\" src=\"https:\/\/fsgifoundation.org\/wp-content\/uploads\/2025\/03\/Calque-2_upscayl_2x_realesrgan-x4fast-scaled.jpg\" class=\"attachment-full size-full wp-image-278\" alt=\"\" srcset=\"https:\/\/fsgifoundation.org\/wp-content\/uploads\/2025\/03\/Calque-2_upscayl_2x_realesrgan-x4fast-scaled.jpg 1739w, https:\/\/fsgifoundation.org\/wp-content\/uploads\/2025\/03\/Calque-2_upscayl_2x_realesrgan-x4fast-204x300.jpg 204w, https:\/\/fsgifoundation.org\/wp-content\/uploads\/2025\/03\/Calque-2_upscayl_2x_realesrgan-x4fast-695x1024.jpg 695w, https:\/\/fsgifoundation.org\/wp-content\/uploads\/2025\/03\/Calque-2_upscayl_2x_realesrgan-x4fast-768x1131.jpg 768w, https:\/\/fsgifoundation.org\/wp-content\/uploads\/2025\/03\/Calque-2_upscayl_2x_realesrgan-x4fast-1043x1536.jpg 1043w, https:\/\/fsgifoundation.org\/wp-content\/uploads\/2025\/03\/Calque-2_upscayl_2x_realesrgan-x4fast-1391x2048.jpg 1391w\" sizes=\"(max-width: 1739px) 100vw, 1739px\" \/>\t\t\t\t\t\t\t\t\t\t\t<div class=\"premium-person-social\">\n\t\t\t\t\t\t\t<ul class=\"premium-person-social-list\"><\/ul>\t\t\t\t\t\t<\/div>\n\t\t\t\t\t\t\t\t\t<\/div>\n\t\t\t\t<div class=\"premium-person-info\">\n\t\t\t\t\t\t\t\t<div class=\"premium-person-info-container\">\n\t\t\t\t\t\t\t\t\t<h2 class=\"premium-person-name\">\n\t\t\t\t\t\tFABRICE SIMPORE\t\t\t\t\t<\/h2>\n\t\t\t\t\t\t\t\t\t\t\t<div class=\"premium-person-content\">\n\t\t\t\t\t\t\t<p>Pr\u00e9sident de la Fondation FSGI<\/p>\t\t\t\t\t\t<\/div>\n\t\t\t\t\t\t\t\t<\/div>\n\t\t\t\t\t\t\t<\/div>\n\t\t\t<\/div>\n\t\t\t\t\t\t<\/div>\n\t\t\t\t\t\t<\/div>\n\t\t\t\t<\/div>\n\t\t\t\t\t<\/div>\n\t\t<\/div>\n\t\t\t\t\t<\/div>\n\t\t<\/section>\n\t\t\t\t<section class=\"elementor-section elementor-top-section elementor-element elementor-element-1c55227d elementor-section-boxed elementor-section-height-default elementor-section-height-default\" data-id=\"1c55227d\" data-element_type=\"section\" data-settings=\"{&quot;background_background&quot;:&quot;classic&quot;}\">\n\t\t\t\t\t\t\t<div class=\"elementor-background-overlay\"><\/div>\n\t\t\t\t\t\t\t<div class=\"elementor-container elementor-column-gap-default\">\n\t\t\t\t\t<div class=\"elementor-column elementor-col-100 elementor-top-column elementor-element elementor-element-375ed5b\" data-id=\"375ed5b\" data-element_type=\"column\">\n\t\t\t<div class=\"elementor-widget-wrap\">\n\t\t\t\t\t\t\t<\/div>\n\t\t<\/div>\n\t\t\t\t\t<\/div>\n\t\t<\/section>\n\t\t\t\t<section class=\"elementor-section elementor-top-section elementor-element elementor-element-7cc27338 elementor-section-boxed elementor-section-height-default elementor-section-height-default\" data-id=\"7cc27338\" data-element_type=\"section\">\n\t\t\t\t\t\t<div class=\"elementor-container elementor-column-gap-default\">\n\t\t\t\t\t<div class=\"elementor-column elementor-col-100 elementor-top-column elementor-element elementor-element-3e380a92\" data-id=\"3e380a92\" data-element_type=\"column\" data-settings=\"{&quot;background_background&quot;:&quot;classic&quot;}\">\n\t\t\t<div class=\"elementor-widget-wrap elementor-element-populated\">\n\t\t\t\t\t<div class=\"elementor-background-overlay\"><\/div>\n\t\t\t\t\t\t<div class=\"elementor-element elementor-element-5e11f0d elementor-align-center elementor-icon-list--layout-traditional elementor-list-item-link-full_width elementor-widget elementor-widget-icon-list\" data-id=\"5e11f0d\" data-element_type=\"widget\" data-widget_type=\"icon-list.default\">\n\t\t\t\t<div class=\"elementor-widget-container\">\n\t\t\t\t\t\t\t<ul class=\"elementor-icon-list-items\">\n\t\t\t\t\t\t\t<li class=\"elementor-icon-list-item\">\n\t\t\t\t\t\t\t\t\t\t\t<span class=\"elementor-icon-list-icon\">\n\t\t\t\t\t\t\t<svg aria-hidden=\"true\" class=\"e-font-icon-svg e-fas-child\" viewBox=\"0 0 384 512\" xmlns=\"http:\/\/www.w3.org\/2000\/svg\"><path d=\"M120 72c0-39.765 32.235-72 72-72s72 32.235 72 72c0 39.764-32.235 72-72 72s-72-32.236-72-72zm254.627 1.373c-12.496-12.497-32.758-12.497-45.254 0L242.745 160H141.254L54.627 73.373c-12.496-12.497-32.758-12.497-45.254 0-12.497 12.497-12.497 32.758 0 45.255L104 213.254V480c0 17.673 14.327 32 32 32h16c17.673 0 32-14.327 32-32V368h16v112c0 17.673 14.327 32 32 32h16c17.673 0 32-14.327 32-32V213.254l94.627-94.627c12.497-12.497 12.497-32.757 0-45.254z\"><\/path><\/svg>\t\t\t\t\t\t<\/span>\n\t\t\t\t\t\t\t\t\t\t<span class=\"elementor-icon-list-text\">VISION & VALEUR<\/span>\n\t\t\t\t\t\t\t\t\t<\/li>\n\t\t\t\t\t\t<\/ul>\n\t\t\t\t\t\t<\/div>\n\t\t\t\t<\/div>\n\t\t\t\t<section class=\"elementor-section elementor-inner-section elementor-element elementor-element-70f9b802 elementor-section-boxed elementor-section-height-default elementor-section-height-default elementor-invisible\" data-id=\"70f9b802\" data-element_type=\"section\" data-settings=\"{&quot;animation&quot;:&quot;fadeInUp&quot;}\">\n\t\t\t\t\t\t<div class=\"elementor-container elementor-column-gap-default\">\n\t\t\t\t\t<div class=\"elementor-column elementor-col-50 elementor-inner-column elementor-element elementor-element-1f47620d\" data-id=\"1f47620d\" data-element_type=\"column\" data-settings=\"{&quot;background_background&quot;:&quot;classic&quot;}\">\n\t\t\t<div class=\"elementor-widget-wrap elementor-element-populated\">\n\t\t\t\t\t<div class=\"elementor-background-overlay\"><\/div>\n\t\t\t\t\t\t<div class=\"elementor-element elementor-element-5ea7a15c elementor-widget elementor-widget-image-box\" data-id=\"5ea7a15c\" data-element_type=\"widget\" data-widget_type=\"image-box.default\">\n\t\t\t\t<div class=\"elementor-widget-container\">\n\t\t\t\t\t<div class=\"elementor-image-box-wrapper\"><div class=\"elementor-image-box-content\"><h4 class=\"elementor-image-box-title\">VISION<\/h4><p class=\"elementor-image-box-description\">Nous aspirons \u00e0 un monde o\u00f9 chaque individu, quelle que soit sa condition sociale, a acc\u00e8s \u00e0 l\u2019\u00e9ducation, \u00e0 la sant\u00e9 et aux opportunit\u00e9s \u00e9conomiques. Notre objectif est d\u2019apporter des solutions innovantes et adapt\u00e9es aux r\u00e9alit\u00e9s locales, en pla\u00e7ant les b\u00e9n\u00e9ficiaires au c\u0153ur de nos actions.<\/p><\/div><\/div>\t\t\t\t<\/div>\n\t\t\t\t<\/div>\n\t\t\t\t\t<\/div>\n\t\t<\/div>\n\t\t\t\t<div class=\"elementor-column elementor-col-50 elementor-inner-column elementor-element elementor-element-3602396\" data-id=\"3602396\" data-element_type=\"column\" data-settings=\"{&quot;background_background&quot;:&quot;classic&quot;}\">\n\t\t\t<div class=\"elementor-widget-wrap elementor-element-populated\">\n\t\t\t\t\t<div class=\"elementor-background-overlay\"><\/div>\n\t\t\t\t\t\t<div class=\"elementor-element elementor-element-2ad39919 elementor-widget elementor-widget-image-box\" data-id=\"2ad39919\" data-element_type=\"widget\" data-widget_type=\"image-box.default\">\n\t\t\t\t<div class=\"elementor-widget-container\">\n\t\t\t\t\t<div class=\"elementor-image-box-wrapper\"><div class=\"elementor-image-box-content\"><h4 class=\"elementor-image-box-title\">Nos valeurs fondamentales<\/h4><p class=\"elementor-image-box-description\">-Engagement : Nous nous d\u00e9vouons avec passion pour am\u00e9liorer la vie des populations vuln\u00e9rables.\n<br>- Innovation sociale : Nous d\u00e9veloppons des approches novatrices pour r\u00e9pondre aux d\u00e9fis actuels.\n<br> -Collaboration : Nous travaillons en synergie avec des partenaires locaux et internationaux.\n<br> -Transparence : Nous garantissons une gestion rigoureuse des ressources pour maximiser notre impact.<\/p><\/div><\/div>\t\t\t\t<\/div>\n\t\t\t\t<\/div>\n\t\t\t\t\t<\/div>\n\t\t<\/div>\n\t\t\t\t\t<\/div>\n\t\t<\/section>\n\t\t\t\t\t<\/div>\n\t\t<\/div>\n\t\t\t\t\t<\/div>\n\t\t<\/section>\n\t\t\t\t<\/div>\n\t\t","protected":false},"excerpt":{"rendered":"<p>\u00c0 propos de nous Notre mission Transformer des vies, inspirer le changement Fabrice Simpore Global Initiatives (FSGI) est une fondation de droit burkinab\u00e8 mettant en \u0153uvre des initiatives, des projets et des programmes allant dans le sens du d\u00e9veloppement des collectivit\u00e9s, de la formation des jeunes et du bien \u00eatre des sph\u00e8res vuln\u00e9rables de la [&hellip;]<\/p>\n","protected":false},"author":1,"featured_media":0,"parent":0,"menu_order":0,"comment_status":"closed","ping_status":"closed","template":"","meta":{"_joinchat":[],"footnotes":""},"class_list":["post-35","page","type-page","status-publish","hentry"],"_links":{"self":[{"href":"https:\/\/fsgifoundation.org\/index.php\/wp-json\/wp\/v2\/pages\/35","targetHints":{"allow":["GET"]}}],"collection":[{"href":"https:\/\/fsgifoundation.org\/index.php\/wp-json\/wp\/v2\/pages"}],"about":[{"href":"https:\/\/fsgifoundation.org\/index.php\/wp-json\/wp\/v2\/types\/page"}],"author":[{"embeddable":true,"href":"https:\/\/fsgifoundation.org\/index.php\/wp-json\/wp\/v2\/users\/1"}],"replies":[{"embeddable":true,"href":"https:\/\/fsgifoundation.org\/index.php\/wp-json\/wp\/v2\/comments?post=35"}],"version-history":[{"count":31,"href":"https:\/\/fsgifoundation.org\/index.php\/wp-json\/wp\/v2\/pages\/35\/revisions"}],"predecessor-version":[{"id":303,"href":"https:\/\/fsgifoundation.org\/index.php\/wp-json\/wp\/v2\/pages\/35\/revisions\/303"}],"wp:attachment":[{"href":"https:\/\/fsgifoundation.org\/index.php\/wp-json\/wp\/v2\/media?parent=35"}],"curies":[{"name":"wp","href":"https:\/\/api.w.org\/{rel}","templated":true}]}}