{"id":65,"date":"2025-02-12T14:22:21","date_gmt":"2025-02-12T14:22:21","guid":{"rendered":"https:\/\/dreamtechburkina.com\/FSGI\/?page_id=65"},"modified":"2025-03-25T09:53:14","modified_gmt":"2025-03-25T09:53:14","slug":"bonne-sante-et-bien-etre","status":"publish","type":"page","link":"https:\/\/fsgifoundation.org\/index.php\/bonne-sante-et-bien-etre\/","title":{"rendered":"Bonne sant\u00e9 et bien \u00eatre"},"content":{"rendered":"\t\t<div data-elementor-type=\"wp-page\" data-elementor-id=\"65\" class=\"elementor elementor-65\">\n\t\t\t\t\t\t<section class=\"elementor-section elementor-top-section elementor-element elementor-element-b769acf elementor-section-height-min-height elementor-section-boxed elementor-section-height-default elementor-section-items-middle\" data-id=\"b769acf\" data-element_type=\"section\" data-settings=\"{&quot;background_background&quot;:&quot;classic&quot;}\">\n\t\t\t\t\t\t\t<div class=\"elementor-background-overlay\"><\/div>\n\t\t\t\t\t\t\t<div class=\"elementor-container elementor-column-gap-default\">\n\t\t\t\t\t<div class=\"elementor-column elementor-col-100 elementor-top-column elementor-element elementor-element-0a70ca0\" data-id=\"0a70ca0\" data-element_type=\"column\">\n\t\t\t<div class=\"elementor-widget-wrap elementor-element-populated\">\n\t\t\t\t\t\t<div class=\"elementor-element elementor-element-8c75406 elementor-invisible elementor-widget elementor-widget-heading\" data-id=\"8c75406\" data-element_type=\"widget\" data-settings=\"{&quot;_animation&quot;:&quot;fadeInUp&quot;}\" data-widget_type=\"heading.default\">\n\t\t\t\t<div class=\"elementor-widget-container\">\n\t\t\t\t\t<h1 class=\"elementor-heading-title elementor-size-default\">Bonne sant\u00e9 et bien \u00eatre<\/h1>\t\t\t\t<\/div>\n\t\t\t\t<\/div>\n\t\t\t\t\t<\/div>\n\t\t<\/div>\n\t\t\t\t\t<\/div>\n\t\t<\/section>\n\t\t\t\t<section class=\"elementor-section elementor-top-section elementor-element elementor-element-1ee1bb52 elementor-section-boxed elementor-section-height-default elementor-section-height-default\" data-id=\"1ee1bb52\" data-element_type=\"section\">\n\t\t\t\t\t\t<div class=\"elementor-container elementor-column-gap-default\">\n\t\t\t\t\t<div class=\"elementor-column elementor-col-100 elementor-top-column elementor-element elementor-element-76ff8fbc\" data-id=\"76ff8fbc\" data-element_type=\"column\">\n\t\t\t<div class=\"elementor-widget-wrap elementor-element-populated\">\n\t\t\t\t\t\t<section class=\"elementor-section elementor-inner-section elementor-element elementor-element-226527b elementor-section-boxed elementor-section-height-default elementor-section-height-default\" data-id=\"226527b\" data-element_type=\"section\">\n\t\t\t\t\t\t<div class=\"elementor-container elementor-column-gap-default\">\n\t\t\t\t\t<div class=\"elementor-column elementor-col-100 elementor-inner-column elementor-element elementor-element-4edf37d1\" data-id=\"4edf37d1\" data-element_type=\"column\">\n\t\t\t<div class=\"elementor-widget-wrap elementor-element-populated\">\n\t\t\t\t\t\t<div class=\"elementor-element elementor-element-4e5e7195 elementor-widget elementor-widget-heading\" data-id=\"4e5e7195\" data-element_type=\"widget\" data-widget_type=\"heading.default\">\n\t\t\t\t<div class=\"elementor-widget-container\">\n\t\t\t\t\t<h3 class=\"elementor-heading-title elementor-size-default\">Nous croyons que l\u2019acc\u00e8s aux soins de sant\u00e9 est un droit fondamental.<\/h3>\t\t\t\t<\/div>\n\t\t\t\t<\/div>\n\t\t<div class=\"elementor-element elementor-element-13a918c e-flex e-con-boxed e-con e-parent\" data-id=\"13a918c\" data-element_type=\"container\" data-settings=\"{&quot;background_background&quot;:&quot;slideshow&quot;,&quot;background_slideshow_gallery&quot;:[{&quot;id&quot;:70,&quot;url&quot;:&quot;https:\\\/\\\/fsgifoundation.org\\\/wp-content\\\/uploads\\\/2025\\\/02\\\/photo-4.jpg&quot;},{&quot;id&quot;:76,&quot;url&quot;:&quot;https:\\\/\\\/fsgifoundation.org\\\/wp-content\\\/uploads\\\/2025\\\/02\\\/2149117846.jpg&quot;},{&quot;id&quot;:77,&quot;url&quot;:&quot;https:\\\/\\\/fsgifoundation.org\\\/wp-content\\\/uploads\\\/2025\\\/02\\\/2148943163.jpg&quot;}],&quot;background_slideshow_ken_burns&quot;:&quot;yes&quot;,&quot;background_slideshow_loop&quot;:&quot;yes&quot;,&quot;background_slideshow_slide_duration&quot;:5000,&quot;background_slideshow_slide_transition&quot;:&quot;fade&quot;,&quot;background_slideshow_transition_duration&quot;:500,&quot;background_slideshow_ken_burns_zoom_direction&quot;:&quot;in&quot;}\">\n\t\t\t\t\t<div class=\"e-con-inner\">\n\t\t\t\t<div class=\"elementor-element elementor-element-bcce0e0 elementor-widget elementor-widget-spacer\" data-id=\"bcce0e0\" data-element_type=\"widget\" data-widget_type=\"spacer.default\">\n\t\t\t\t<div class=\"elementor-widget-container\">\n\t\t\t\t\t\t\t<div class=\"elementor-spacer\">\n\t\t\t<div class=\"elementor-spacer-inner\"><\/div>\n\t\t<\/div>\n\t\t\t\t\t\t<\/div>\n\t\t\t\t<\/div>\n\t\t\t\t\t<\/div>\n\t\t\t\t<\/div>\n\t\t\t\t<div class=\"elementor-element elementor-element-5cf466eb elementor-widget elementor-widget-text-editor\" data-id=\"5cf466eb\" data-element_type=\"widget\" data-widget_type=\"text-editor.default\">\n\t\t\t\t<div class=\"elementor-widget-container\">\n\t\t\t\t\t\t\t\t\t<p>L\u2019acc\u00e8s aux soins de sant\u00e9 et la promotion du bien-\u00eatre sont des priorit\u00e9s pour notre fondation. Nous d\u00e9ployons plusieurs initiatives pour r\u00e9pondre aux besoins sanitaires des populations, notamment dans les zones rurales et d\u00e9favoris\u00e9es.<\/p>\t\t\t\t\t\t\t\t<\/div>\n\t\t\t\t<\/div>\n\t\t\t\t\t<\/div>\n\t\t<\/div>\n\t\t\t\t\t<\/div>\n\t\t<\/section>\n\t\t\t\t<section class=\"elementor-section elementor-inner-section elementor-element elementor-element-1ba3edbf elementor-section-boxed elementor-section-height-default elementor-section-height-default\" data-id=\"1ba3edbf\" data-element_type=\"section\">\n\t\t\t\t\t\t<div class=\"elementor-container elementor-column-gap-default\">\n\t\t\t\t\t<div class=\"elementor-column elementor-col-100 elementor-inner-column elementor-element elementor-element-7a0e69a4\" data-id=\"7a0e69a4\" data-element_type=\"column\">\n\t\t\t<div class=\"elementor-widget-wrap elementor-element-populated\">\n\t\t\t\t\t\t<div class=\"elementor-element elementor-element-68b3a12 elementor-widget elementor-widget-text-editor\" data-id=\"68b3a12\" data-element_type=\"widget\" data-widget_type=\"text-editor.default\">\n\t\t\t\t<div class=\"elementor-widget-container\">\n\t\t\t\t\t\t\t\t\t<ul>\n    <li>&#8226; Encourager les visites m\u00e9dicales pr\u00e9natales et postnatales pour r\u00e9duire la mortalit\u00e9 maternelle.<\/li>\n    <li>&#8226; Encourager la vaccination des enfants afin de pr\u00e9venir les maladies infantiles et r\u00e9duire la mortalit\u00e9 infantile.<\/li>\n    <li>&#8226; Organiser des ateliers sur l&rsquo;hygi\u00e8ne, la nutrition et la sant\u00e9 reproductive pour am\u00e9liorer les pratiques de vie.<\/li>\n    <li>&#8226; Sensibiliser \u00e0 la gestion du stress et \u00e0 l&rsquo;importance de la sant\u00e9 mentale.<\/li>\n    <li>&#8226; Promouvoir l\u2019adh\u00e9sion \u00e0 l\u2019assurance maladie universelle pour garantir un acc\u00e8s \u00e9quitable aux soins de sant\u00e9.<\/li>\n<\/ul>\n\t\t\t\t\t\t\t\t<\/div>\n\t\t\t\t<\/div>\n\t\t\t\t\t<\/div>\n\t\t<\/div>\n\t\t\t\t\t<\/div>\n\t\t<\/section>\n\t\t\t\t\t<\/div>\n\t\t<\/div>\n\t\t\t\t\t<\/div>\n\t\t<\/section>\n\t\t\t\t<\/div>\n\t\t","protected":false},"excerpt":{"rendered":"<p>Nous croyons que l\u2019acc\u00e8s aux soins de sant\u00e9 est un droit fondamental. L\u2019acc\u00e8s aux soins de sant\u00e9 et la promotion du bien-\u00eatre sont des priorit\u00e9s pour notre fondation. Nous d\u00e9ployons plusieurs initiatives pour r\u00e9pondre aux besoins sanitaires des populations, notamment dans les zones rurales et d\u00e9favoris\u00e9es. &#8226; Encourager les visites m\u00e9dicales pr\u00e9natales et postnatales pour [&hellip;]<\/p>\n","protected":false},"author":1,"featured_media":0,"parent":0,"menu_order":0,"comment_status":"closed","ping_status":"closed","template":"","meta":{"_joinchat":[],"footnotes":""},"class_list":["post-65","page","type-page","status-publish","hentry"],"_links":{"self":[{"href":"https:\/\/fsgifoundation.org\/index.php\/wp-json\/wp\/v2\/pages\/65","targetHints":{"allow":["GET"]}}],"collection":[{"href":"https:\/\/fsgifoundation.org\/index.php\/wp-json\/wp\/v2\/pages"}],"about":[{"href":"https:\/\/fsgifoundation.org\/index.php\/wp-json\/wp\/v2\/types\/page"}],"author":[{"embeddable":true,"href":"https:\/\/fsgifoundation.org\/index.php\/wp-json\/wp\/v2\/users\/1"}],"replies":[{"embeddable":true,"href":"https:\/\/fsgifoundation.org\/index.php\/wp-json\/wp\/v2\/comments?post=65"}],"version-history":[{"count":11,"href":"https:\/\/fsgifoundation.org\/index.php\/wp-json\/wp\/v2\/pages\/65\/revisions"}],"predecessor-version":[{"id":207,"href":"https:\/\/fsgifoundation.org\/index.php\/wp-json\/wp\/v2\/pages\/65\/revisions\/207"}],"wp:attachment":[{"href":"https:\/\/fsgifoundation.org\/index.php\/wp-json\/wp\/v2\/media?parent=65"}],"curies":[{"name":"wp","href":"https:\/\/api.w.org\/{rel}","templated":true}]}}