{"id":87,"date":"2025-02-12T15:28:51","date_gmt":"2025-02-12T15:28:51","guid":{"rendered":"https:\/\/dreamtechburkina.com\/FSGI\/?page_id=87"},"modified":"2025-03-28T12:29:25","modified_gmt":"2025-03-28T12:29:25","slug":"travail-decent-et-croissance-economique","status":"publish","type":"page","link":"https:\/\/fsgifoundation.org\/index.php\/travail-decent-et-croissance-economique\/","title":{"rendered":"Travail d\u00e9cent et croissance \u00e9conomique"},"content":{"rendered":"\t\t<div data-elementor-type=\"wp-page\" data-elementor-id=\"87\" class=\"elementor elementor-87\">\n\t\t\t\t\t\t<section class=\"elementor-section elementor-top-section elementor-element elementor-element-62b53c62 elementor-section-height-min-height elementor-section-boxed elementor-section-height-default elementor-section-items-middle\" data-id=\"62b53c62\" data-element_type=\"section\" data-settings=\"{&quot;background_background&quot;:&quot;classic&quot;}\">\n\t\t\t\t\t\t\t<div class=\"elementor-background-overlay\"><\/div>\n\t\t\t\t\t\t\t<div class=\"elementor-container elementor-column-gap-default\">\n\t\t\t\t\t<div class=\"elementor-column elementor-col-100 elementor-top-column elementor-element elementor-element-39d201cc\" data-id=\"39d201cc\" data-element_type=\"column\">\n\t\t\t<div class=\"elementor-widget-wrap elementor-element-populated\">\n\t\t\t\t\t\t<div class=\"elementor-element elementor-element-2f147006 elementor-invisible elementor-widget elementor-widget-heading\" data-id=\"2f147006\" data-element_type=\"widget\" data-settings=\"{&quot;_animation&quot;:&quot;fadeInUp&quot;}\" data-widget_type=\"heading.default\">\n\t\t\t\t<div class=\"elementor-widget-container\">\n\t\t\t\t\t<h1 class=\"elementor-heading-title elementor-size-default\">Travail d\u00e9cent et croissance \u00e9conomique<\/h1>\t\t\t\t<\/div>\n\t\t\t\t<\/div>\n\t\t\t\t\t<\/div>\n\t\t<\/div>\n\t\t\t\t\t<\/div>\n\t\t<\/section>\n\t\t\t\t<section class=\"elementor-section elementor-top-section elementor-element elementor-element-4e0bd2e1 elementor-section-boxed elementor-section-height-default elementor-section-height-default\" data-id=\"4e0bd2e1\" data-element_type=\"section\">\n\t\t\t\t\t\t<div class=\"elementor-container elementor-column-gap-default\">\n\t\t\t\t\t<div class=\"elementor-column elementor-col-100 elementor-top-column elementor-element elementor-element-1b8d6d03\" data-id=\"1b8d6d03\" data-element_type=\"column\">\n\t\t\t<div class=\"elementor-widget-wrap elementor-element-populated\">\n\t\t\t\t\t\t<section class=\"elementor-section elementor-inner-section elementor-element elementor-element-5ee09bde elementor-section-boxed elementor-section-height-default elementor-section-height-default\" data-id=\"5ee09bde\" data-element_type=\"section\">\n\t\t\t\t\t\t<div class=\"elementor-container elementor-column-gap-default\">\n\t\t\t\t\t<div class=\"elementor-column elementor-col-100 elementor-inner-column elementor-element elementor-element-267fece7\" data-id=\"267fece7\" data-element_type=\"column\">\n\t\t\t<div class=\"elementor-widget-wrap elementor-element-populated\">\n\t\t\t\t<div class=\"elementor-element elementor-element-4d5c746a e-flex e-con-boxed e-con e-parent\" data-id=\"4d5c746a\" data-element_type=\"container\" data-settings=\"{&quot;background_background&quot;:&quot;slideshow&quot;,&quot;background_slideshow_gallery&quot;:[{&quot;id&quot;:97,&quot;url&quot;:&quot;https:\\\/\\\/fsgifoundation.org\\\/wp-content\\\/uploads\\\/2025\\\/02\\\/2151252040.jpg&quot;},{&quot;id&quot;:96,&quot;url&quot;:&quot;https:\\\/\\\/fsgifoundation.org\\\/wp-content\\\/uploads\\\/2025\\\/02\\\/2151441300.jpg&quot;},{&quot;id&quot;:95,&quot;url&quot;:&quot;https:\\\/\\\/fsgifoundation.org\\\/wp-content\\\/uploads\\\/2025\\\/02\\\/174317.jpg&quot;},{&quot;id&quot;:23,&quot;url&quot;:&quot;https:\\\/\\\/fsgifoundation.org\\\/wp-content\\\/uploads\\\/2025\\\/02\\\/99.jpg&quot;}],&quot;background_slideshow_ken_burns&quot;:&quot;yes&quot;,&quot;background_slideshow_loop&quot;:&quot;yes&quot;,&quot;background_slideshow_slide_duration&quot;:5000,&quot;background_slideshow_slide_transition&quot;:&quot;fade&quot;,&quot;background_slideshow_transition_duration&quot;:500,&quot;background_slideshow_ken_burns_zoom_direction&quot;:&quot;in&quot;}\">\n\t\t\t\t\t<div class=\"e-con-inner\">\n\t\t\t\t<div class=\"elementor-element elementor-element-120114f0 elementor-widget elementor-widget-spacer\" data-id=\"120114f0\" data-element_type=\"widget\" data-widget_type=\"spacer.default\">\n\t\t\t\t<div class=\"elementor-widget-container\">\n\t\t\t\t\t\t\t<div class=\"elementor-spacer\">\n\t\t\t<div class=\"elementor-spacer-inner\"><\/div>\n\t\t<\/div>\n\t\t\t\t\t\t<\/div>\n\t\t\t\t<\/div>\n\t\t\t\t\t<\/div>\n\t\t\t\t<\/div>\n\t\t\t\t<div class=\"elementor-element elementor-element-34c33a6d elementor-widget elementor-widget-text-editor\" data-id=\"34c33a6d\" data-element_type=\"widget\" data-widget_type=\"text-editor.default\">\n\t\t\t\t<div class=\"elementor-widget-container\">\n\t\t\t\t\t\t\t\t\t<p>Le d\u00e9veloppement \u00e9conomique est essentiel pour lutter contre la pauvret\u00e9. La Fabrice Simpore Global Initiatives (FSGI) s\u2019investit dans des initiatives qui favorisent la cr\u00e9ation d\u2019emplois et l\u2019entrepreneuriat.<\/p><ul><li>\u2022 Encourager l\u2019innovation et la cr\u00e9ativit\u00e9 comme moteurs de la croissance \u00e9conomique;<br \/>\u2022 D\u00e9velopper des programmes de formations professionnelles et techniques dans des secteurs porteurs;<br \/>\u2022 Mettre en \u0153uvre des initiatives communautaires valorisant l\u2019expertise locale et g\u00e9n\u00e9rant des revenus pour les populations rurales;<br \/>\u2022 Favoriser les partenariats public-priv\u00e9 pour renforcer les opportunit\u00e9s d\u2019investissement et le d\u00e9veloppement de l&rsquo; \u00e9conomique.<\/li><\/ul>\t\t\t\t\t\t\t\t<\/div>\n\t\t\t\t<\/div>\n\t\t\t\t\t<\/div>\n\t\t<\/div>\n\t\t\t\t\t<\/div>\n\t\t<\/section>\n\t\t\t\t\t<\/div>\n\t\t<\/div>\n\t\t\t\t\t<\/div>\n\t\t<\/section>\n\t\t\t\t<\/div>\n\t\t","protected":false},"excerpt":{"rendered":"<p>Le d\u00e9veloppement \u00e9conomique est essentiel pour lutter contre la pauvret\u00e9. La Fabrice Simpore Global Initiatives (FSGI) s\u2019investit dans des initiatives qui favorisent la cr\u00e9ation d\u2019emplois et l\u2019entrepreneuriat. \u2022 Encourager l\u2019innovation et la cr\u00e9ativit\u00e9 comme moteurs de la croissance \u00e9conomique;\u2022 D\u00e9velopper des programmes de formations professionnelles et techniques dans des secteurs porteurs;\u2022 Mettre en \u0153uvre des [&hellip;]<\/p>\n","protected":false},"author":1,"featured_media":0,"parent":0,"menu_order":0,"comment_status":"closed","ping_status":"closed","template":"","meta":{"_joinchat":[],"footnotes":""},"class_list":["post-87","page","type-page","status-publish","hentry"],"_links":{"self":[{"href":"https:\/\/fsgifoundation.org\/index.php\/wp-json\/wp\/v2\/pages\/87","targetHints":{"allow":["GET"]}}],"collection":[{"href":"https:\/\/fsgifoundation.org\/index.php\/wp-json\/wp\/v2\/pages"}],"about":[{"href":"https:\/\/fsgifoundation.org\/index.php\/wp-json\/wp\/v2\/types\/page"}],"author":[{"embeddable":true,"href":"https:\/\/fsgifoundation.org\/index.php\/wp-json\/wp\/v2\/users\/1"}],"replies":[{"embeddable":true,"href":"https:\/\/fsgifoundation.org\/index.php\/wp-json\/wp\/v2\/comments?post=87"}],"version-history":[{"count":14,"href":"https:\/\/fsgifoundation.org\/index.php\/wp-json\/wp\/v2\/pages\/87\/revisions"}],"predecessor-version":[{"id":313,"href":"https:\/\/fsgifoundation.org\/index.php\/wp-json\/wp\/v2\/pages\/87\/revisions\/313"}],"wp:attachment":[{"href":"https:\/\/fsgifoundation.org\/index.php\/wp-json\/wp\/v2\/media?parent=87"}],"curies":[{"name":"wp","href":"https:\/\/api.w.org\/{rel}","templated":true}]}}